{"id":33,"date":"2017-02-27T08:35:23","date_gmt":"2017-02-27T08:35:23","guid":{"rendered":"http:\/\/tails.dv.ancorathemes.com\/?page_id=33"},"modified":"2026-04-02T13:01:24","modified_gmt":"2026-04-02T13:01:24","slug":"contacts","status":"publish","type":"page","link":"https:\/\/ambulatorioveterinarioschiavi.com\/index.php\/contacts\/","title":{"rendered":"Contatti"},"content":{"rendered":"<p>[vc_row full_width=&#8221;stretch_row_content&#8221; equal_height=&#8221;yes&#8221; content_placement=&#8221;middle&#8221;][vc_column width=&#8221;1\/2&#8243;]<div id=\"sc_googlemap_1449063698_wrap\" class=\"sc_googlemap_wrap\"><div id=\"sc_googlemap_1449063698\"\n\t\t\tclass=\"sc_googlemap sc_googlemap_default\"\n\t\t\t style=\"width:100%;height:720px;\"\t\t\tdata-zoom=\"15\"\n\t\t\tdata-style=\"default\"\n\t\t\tdata-cluster-icon=\"\"\n\n\t\t\t><iframe\n\t\t\t\t\tsrc=\"https:\/\/maps.google.com\/maps?t=m&output=embed&iwloc=near&z=15&q=Via+Gaeta%2C+84+33100+Udine+%28UD%29\"\n\t\t\t\t\tscrolling=\"no\"\n\t\t\t\t\tmarginheight=\"0\"\n\t\t\t\t\tmarginwidth=\"0\"\n\t\t\t\t\tframeborder=\"0\"\n\t\t\t\t\taria-label=\"One\"><\/iframe><\/div><\/div><!-- \/.sc_googlemap_wrap -->[\/vc_column][vc_column width=&#8221;1\/12&#8243;][\/vc_column][vc_column width=&#8221;1\/3&#8243; css=&#8221;.vc_custom_1564392055407{margin-right: 0.5rem !important;margin-left: 0.5rem !important;}&#8221;][vc_empty_space hide_on_mobile=&#8221;&#8221;]<div id=\"sc_title_1116914585\"\n\t\tclass=\"sc_title sc_title_default\"><h3 class=\"sc_item_title sc_title_title sc_align_center sc_item_title_style_default\">Ambulatorio Veterinario Schiavi<\/h3><\/div><!-- \/.sc_title -->[vc_empty_space alter_height=&#8221;small&#8221; hide_on_mobile=&#8221;&#8221;]<div id=\"sc_icons_1147610113\" \n\tclass=\"sc_icons sc_icons_modern sc_icons_size_small sc_align_center  vc_custom_1582791305204\"><div class=\"sc_icons_item\"><div class=\"sc_icons_image\"><img loading=\"lazy\" decoding=\"async\" src=\"https:\/\/ambulatorioveterinarioschiavi.com\/wp-content\/uploads\/2017\/02\/loc.png\" alt=\"'.esc_attr__('image', 'tails').'\" width=\"27\" height=\"37\"><\/div><div class=\"sc_icons_item_description\"><span>Via Gaeta, 84<\/span><span>Udine 33100<\/span><\/div><\/div><\/div><!-- \/.sc_icons -->[vc_empty_space alter_height=&#8221;small&#8221; hide_on_mobile=&#8221;&#8221;]<div id=\"sc_icons_1053751736\" \n\tclass=\"sc_icons sc_icons_modern sc_icons_size_small sc_align_center  vc_custom_1775134812087\"><div class=\"sc_icons_item\"><div class=\"sc_icons_image\"><img loading=\"lazy\" decoding=\"async\" src=\"https:\/\/ambulatorioveterinarioschiavi.com\/wp-content\/uploads\/2017\/02\/phone2.png\" alt=\"'.esc_attr__('image', 'tails').'\" width=\"36\" height=\"37\"><\/div><div class=\"sc_icons_item_description\"><span>Tel. 0432 530486 \/ 0432 232956<\/span><\/div><\/div><\/div><!-- \/.sc_icons -->[vc_empty_space alter_height=&#8221;small&#8221; hide_on_mobile=&#8221;&#8221;]<div id=\"sc_icons_1974437730\" \n\tclass=\"sc_icons sc_icons_modern sc_icons_size_small sc_align_center  vc_custom_1774455999121\"><div class=\"sc_icons_item\"><div class=\"sc_icons_image\"><img loading=\"lazy\" decoding=\"async\" src=\"https:\/\/ambulatorioveterinarioschiavi.com\/wp-content\/uploads\/2017\/02\/mail-2.png\" alt=\"'.esc_attr__('image', 'tails').'\" width=\"41\" height=\"30\"><\/div><div class=\"sc_icons_item_description\"><span><a href=\"mailto:scpveterinarie@gmail.com\">scpveterinarie@gmail.com<\/a><\/span><\/div><\/div><\/div><!-- \/.sc_icons -->[vc_empty_space alter_height=&#8221;small&#8221; hide_on_mobile=&#8221;&#8221;][\/vc_column][vc_column width=&#8221;1\/12&#8243;][\/vc_column][\/vc_row][vc_row full_width=&#8221;stretch_row&#8221; css=&#8221;.vc_custom_1582791800047{background-color: #f5f5f5 !important;background-position: center !important;background-repeat: no-repeat !important;background-size: cover !important;}&#8221; el_class=&#8221;ipad-row&#8221;][vc_column][vc_empty_space alter_height=&#8221;large&#8221; hide_on_mobile=&#8221;&#8221; css=&#8221;.vc_custom_1490194129917{margin-bottom: 0.8rem !important;}&#8221;][vc_column_text]<\/p>\n<p id=\"untitled-region-17\" class=\"editable\" style=\"text-align: left;\"><span style=\"font-size: 14pt;\">Chiamaci al\u00a0<a href=\"tel:0432530486\">0432 530486<\/a><\/span><span style=\"font-size: 14pt;\">\u00a0\/ <a href=\"tel:0432232956\">0432 232956<\/a><\/span><\/p>\n<p class=\"editable\" style=\"text-align: left;\"><span style=\"font-size: 14pt;\"><strong>L\u2019orario della clinica \u00e8 dalle 9:00 alle 18:30 dal luned\u00ec al venerd\u00ec e il sabato dalle 9:00 alle 12.30<\/strong><\/span><br \/>\n<span style=\"font-size: 14pt;\"><strong>Ci trovi in: via Gaeta, 84 Udine (UD)<\/strong><\/span><\/p>\n<p class=\"editable\" style=\"text-align: left;\"><span style=\"font-size: 14pt;\"><span id=\"untitled-region-19\" class=\"editable\">Le visite si effettuano per appuntamento. In caso di emergenza, le visite urgenti hanno diritto di precedenza. \u00c8<\/span><span id=\"untitled-region-20\" class=\"editable\">\u00a0garantito un servizio di assistenza notturno e festivo in collaborazione con altri colleghi della citt\u00e0.<\/span><\/span><\/p>\n<p>[\/vc_column_text][vc_empty_space alter_height=&#8221;large&#8221; hide_on_mobile=&#8221;&#8221; css=&#8221;.vc_custom_1490194302093{margin-bottom: -1.4rem !important;}&#8221;][\/vc_column][\/vc_row]<\/p>\n","protected":false},"excerpt":{"rendered":"<p>[vc_row full_width=&#8221;stretch_row_content&#8221; equal_height=&#8221;yes&#8221; content_placement=&#8221;middle&#8221;][vc_column width=&#8221;1\/2&#8243;][\/vc_column][vc_column width=&#8221;1\/12&#8243;][\/vc_column][vc_column width=&#8221;1\/3&#8243; css=&#8221;.vc_custom_1564392055407{margin-right: 0.5rem !important;margin-left: 0.5rem !important;}&#8221;][vc_empty_space hide_on_mobile=&#8221;&#8221;][vc_empty_space alter_height=&#8221;small&#8221; hide_on_mobile=&#8221;&#8221;][vc_empty_space alter_height=&#8221;small&#8221; hide_on_mobile=&#8221;&#8221;][vc_empty_space alter_height=&#8221;small&#8221; hide_on_mobile=&#8221;&#8221;][vc_empty_space alter_height=&#8221;small&#8221; hide_on_mobile=&#8221;&#8221;][\/vc_column][vc_column width=&#8221;1\/12&#8243;][\/vc_column][\/vc_row][vc_row full_width=&#8221;stretch_row&#8221; css=&#8221;.vc_custom_1582791800047{background-color: #f5f5f5 !important;background-position: center !important;background-repeat: no-repeat !important;background-size: cover !important;}&#8221; el_class=&#8221;ipad-row&#8221;][vc_column][vc_empty_space alter_height=&#8221;large&#8221; hide_on_mobile=&#8221;&#8221; css=&#8221;.vc_custom_1490194129917{margin-bottom: 0.8rem !important;}&#8221;][vc_column_text] Chiamaci al\u00a00432 530486\u00a0\/ 0432 232956 L\u2019orario della clinica \u00e8 dalle 9:00 alle 18:30 dal luned\u00ec al venerd\u00ec e il sabato dalle 9:00&hellip;<\/p>\n","protected":false},"author":1,"featured_media":0,"parent":0,"menu_order":0,"comment_status":"closed","ping_status":"closed","template":"","meta":{"footnotes":""},"class_list":["post-33","page","type-page","status-publish","hentry"],"yoast_head":"<!-- This site is optimized with the Yoast SEO plugin v15.8 - https:\/\/yoast.com\/wordpress\/plugins\/seo\/ -->\n<title>Contatti - Ambulatorio Veterinario Schiavi<\/title>\n<meta name=\"robots\" content=\"index, follow, max-snippet:-1, max-image-preview:large, max-video-preview:-1\" \/>\n<link rel=\"canonical\" href=\"https:\/\/ambulatorioveterinarioschiavi.com\/index.php\/contacts\/\" \/>\n<meta property=\"og:locale\" content=\"it_IT\" \/>\n<meta property=\"og:type\" content=\"article\" \/>\n<meta property=\"og:title\" content=\"Contatti - Ambulatorio Veterinario Schiavi\" \/>\n<meta property=\"og:description\" content=\"[vc_row full_width=&#8221;stretch_row_content&#8221; equal_height=&#8221;yes&#8221; content_placement=&#8221;middle&#8221;][vc_column width=&#8221;1\/2&#8243;][\/vc_column][vc_column width=&#8221;1\/12&#8243;][\/vc_column][vc_column width=&#8221;1\/3&#8243; css=&#8221;.vc_custom_1564392055407{margin-right: 0.5rem !important;margin-left: 0.5rem !important;}&#8221;][vc_empty_space hide_on_mobile=&#8221;&#8221;][vc_empty_space alter_height=&#8221;small&#8221; hide_on_mobile=&#8221;&#8221;][vc_empty_space alter_height=&#8221;small&#8221; hide_on_mobile=&#8221;&#8221;][vc_empty_space alter_height=&#8221;small&#8221; hide_on_mobile=&#8221;&#8221;][vc_empty_space alter_height=&#8221;small&#8221; hide_on_mobile=&#8221;&#8221;][\/vc_column][vc_column width=&#8221;1\/12&#8243;][\/vc_column][\/vc_row][vc_row full_width=&#8221;stretch_row&#8221; css=&#8221;.vc_custom_1582791800047{background-color: #f5f5f5 !important;background-position: center !important;background-repeat: no-repeat !important;background-size: cover !important;}&#8221; el_class=&#8221;ipad-row&#8221;][vc_column][vc_empty_space alter_height=&#8221;large&#8221; hide_on_mobile=&#8221;&#8221; css=&#8221;.vc_custom_1490194129917{margin-bottom: 0.8rem !important;}&#8221;][vc_column_text] Chiamaci al\u00a00432 530486\u00a0\/ 0432 232956 L\u2019orario della clinica \u00e8 dalle 9:00 alle 18:30 dal luned\u00ec al venerd\u00ec e il sabato dalle 9:00&hellip;\" \/>\n<meta property=\"og:url\" content=\"https:\/\/ambulatorioveterinarioschiavi.com\/index.php\/contacts\/\" \/>\n<meta property=\"og:site_name\" content=\"Ambulatorio Veterinario Schiavi\" \/>\n<meta property=\"article:publisher\" content=\"https:\/\/www.facebook.com\/Ambulatorio-Veterinario-Schiavi-645695685561947\/?fref=ts\" \/>\n<meta property=\"article:modified_time\" content=\"2026-04-02T13:01:24+00:00\" \/>\n<meta name=\"twitter:card\" content=\"summary_large_image\" \/>\n<meta name=\"twitter:label1\" content=\"Tempo di lettura stimato\">\n\t<meta name=\"twitter:data1\" content=\"1 minuto\">\n<script type=\"application\/ld+json\" class=\"yoast-schema-graph\">{\"@context\":\"https:\/\/schema.org\",\"@graph\":[{\"@type\":\"WebSite\",\"@id\":\"https:\/\/ambulatorioveterinarioschiavi.com\/#website\",\"url\":\"https:\/\/ambulatorioveterinarioschiavi.com\/\",\"name\":\"Ambulatorio Veterinario Schiavi\",\"description\":\"\",\"potentialAction\":[{\"@type\":\"SearchAction\",\"target\":\"https:\/\/ambulatorioveterinarioschiavi.com\/?s={search_term_string}\",\"query-input\":\"required name=search_term_string\"}],\"inLanguage\":\"it-IT\"},{\"@type\":\"WebPage\",\"@id\":\"https:\/\/ambulatorioveterinarioschiavi.com\/index.php\/contacts\/#webpage\",\"url\":\"https:\/\/ambulatorioveterinarioschiavi.com\/index.php\/contacts\/\",\"name\":\"Contatti - Ambulatorio Veterinario Schiavi\",\"isPartOf\":{\"@id\":\"https:\/\/ambulatorioveterinarioschiavi.com\/#website\"},\"datePublished\":\"2017-02-27T08:35:23+00:00\",\"dateModified\":\"2026-04-02T13:01:24+00:00\",\"breadcrumb\":{\"@id\":\"https:\/\/ambulatorioveterinarioschiavi.com\/index.php\/contacts\/#breadcrumb\"},\"inLanguage\":\"it-IT\",\"potentialAction\":[{\"@type\":\"ReadAction\",\"target\":[\"https:\/\/ambulatorioveterinarioschiavi.com\/index.php\/contacts\/\"]}]},{\"@type\":\"BreadcrumbList\",\"@id\":\"https:\/\/ambulatorioveterinarioschiavi.com\/index.php\/contacts\/#breadcrumb\",\"itemListElement\":[{\"@type\":\"ListItem\",\"position\":1,\"item\":{\"@type\":\"WebPage\",\"@id\":\"https:\/\/ambulatorioveterinarioschiavi.com\/\",\"url\":\"https:\/\/ambulatorioveterinarioschiavi.com\/\",\"name\":\"Home\"}},{\"@type\":\"ListItem\",\"position\":2,\"item\":{\"@type\":\"WebPage\",\"@id\":\"https:\/\/ambulatorioveterinarioschiavi.com\/index.php\/contacts\/\",\"url\":\"https:\/\/ambulatorioveterinarioschiavi.com\/index.php\/contacts\/\",\"name\":\"Contatti\"}}]}]}<\/script>\n<!-- \/ Yoast SEO plugin. -->","_links":{"self":[{"href":"https:\/\/ambulatorioveterinarioschiavi.com\/index.php\/wp-json\/wp\/v2\/pages\/33","targetHints":{"allow":["GET"]}}],"collection":[{"href":"https:\/\/ambulatorioveterinarioschiavi.com\/index.php\/wp-json\/wp\/v2\/pages"}],"about":[{"href":"https:\/\/ambulatorioveterinarioschiavi.com\/index.php\/wp-json\/wp\/v2\/types\/page"}],"author":[{"embeddable":true,"href":"https:\/\/ambulatorioveterinarioschiavi.com\/index.php\/wp-json\/wp\/v2\/users\/1"}],"replies":[{"embeddable":true,"href":"https:\/\/ambulatorioveterinarioschiavi.com\/index.php\/wp-json\/wp\/v2\/comments?post=33"}],"version-history":[{"count":19,"href":"https:\/\/ambulatorioveterinarioschiavi.com\/index.php\/wp-json\/wp\/v2\/pages\/33\/revisions"}],"predecessor-version":[{"id":2021,"href":"https:\/\/ambulatorioveterinarioschiavi.com\/index.php\/wp-json\/wp\/v2\/pages\/33\/revisions\/2021"}],"wp:attachment":[{"href":"https:\/\/ambulatorioveterinarioschiavi.com\/index.php\/wp-json\/wp\/v2\/media?parent=33"}],"curies":[{"name":"wp","href":"https:\/\/api.w.org\/{rel}","templated":true}]}}