{"id":1346,"date":"2020-02-18T10:24:46","date_gmt":"2020-02-18T10:24:46","guid":{"rendered":"https:\/\/wp.ambulatorioveterinarioschiavi.com\/?page_id=1346"},"modified":"2022-02-06T10:22:45","modified_gmt":"2022-02-06T10:22:45","slug":"endoscopia","status":"publish","type":"page","link":"https:\/\/ambulatorioveterinarioschiavi.com\/index.php\/endoscopia\/","title":{"rendered":"Endoscopia"},"content":{"rendered":"<p>[vc_row css_animation=&#8221;fadeInUp&#8221;][vc_column width=&#8221;1\/2&#8243;][vc_empty_space alter_height=&#8221;medium&#8221; hide_on_mobile=&#8221;&#8221;][vc_column_text]<\/p>\n<p style=\"text-align: right;\"><span style=\"font-size: 14pt;\">L&#8217;endoscopia \u00e8 una tecnica diagnostica che permette la visualizzazione della superficie interna di distretti corporei comunicanti con l&#8217;ambiente esterno, quali l&#8217;apparato gastro-enterico, respiratorio, urinario e il condotto auricolare. Si esegue con strumenti flessibili o rigidi. Le applicazioni pi\u00f9 comuni sono: studio morfologico di un distretto; prelievo di campioni per valutazione istologica; asportazione di corpi estranei; polipectomia; terapia locale di alcune patologie; chirurgia mininvasiva.<\/span><\/p>\n<p>[\/vc_column_text][\/vc_column][vc_column width=&#8221;1\/2&#8243;][vc_gallery interval=&#8221;5&#8243; images=&#8221;1546,1347&#8243; img_size=&#8221;large&#8221;][\/vc_column][\/vc_row][vc_row][vc_column][vc_empty_space alter_height=&#8221;large&#8221; hide_on_mobile=&#8221;&#8221;][\/vc_column][\/vc_row][vc_row css_animation=&#8221;fadeInUp&#8221;][vc_column][vc_column_text]<span style=\"font-size: 14pt;\">L\u2019endoscopio \u00e8 una sonda con telecamera che permette la visualizzazione diretta del distretto da indagare. Ogni endoscopio \u00e8 corredato di un set di strumenti che permettono al veterinario endoscopista di intervenire nella maniera pi\u00f9 opportuna per eseguire biopsie, rimuovere corpi estranei, eseguire interventi mininvasivi.<\/span><\/p>\n<p><span style=\"font-size: 14pt;\">L&#8217;endoscopia trova numerosi campi di applicazione non solo nel cane e nel gatto ma anche e sempre di pi\u00f9 nelle specie esotiche (in particolare rettili e uccelli).<\/span>[\/vc_column_text][\/vc_column][\/vc_row][vc_row][vc_column][vc_empty_space alter_height=&#8221;large&#8221; hide_on_mobile=&#8221;&#8221;]<div class=\"cq-bgbutton-container   cq-bgbutton-alignfullwidth\" data-buttonimage=\"\" data-startcolor=\"#29bb9c\" data-endcolor=\"#29bb9c\" data-fontsize=\"24px\" data-iconcolor=\"#ffffff\" data-textcolor=\"#ffffff\" data-icon2size=\"\" data-linktype=\"customlink\" data-lightboxmargin=\"\" data-videowidth=\"640\" data-tooltip=\"\" data-istooltip=\"\" data-autoclose=\"\" data-iconanimation=\"\" data-minwidth=\"\" data-tooltipanimation=\"\" data-autoloaded=\"\"><a href=\"https:\/\/www.youtube.com\/channel\/UCg4IJ80Qo1MTNPK1HzsRwWA\/videos _blank\" title=\"\" target=\" _blank\" class=\"cq-bgbutton roundsmall cq-bgbutton-link  cq-bgbutton-\"><i class=\"cq-bgbutton-icon1 cq-bgbutton-iconleft fa fa-youtube\"><\/i>Segui il canale YouTube<i class=\"cq-bgbutton-icon2 cq-bgbutton-iconright fa fa-youtube\"><\/i><\/a><\/div>[\/vc_column][\/vc_row][vc_row][vc_column][vc_empty_space alter_height=&#8221;large&#8221; hide_on_mobile=&#8221;&#8221;][\/vc_column][\/vc_row][vc_row css_animation=&#8221;fadeInUp&#8221;][vc_column width=&#8221;1\/2&#8243;][vc_single_image image=&#8221;1560&#8243; img_size=&#8221;large&#8221;][\/vc_column][vc_column width=&#8221;1\/2&#8243;]<div id=\"sc_title_73909595\"\n\t\tclass=\"sc_title sc_title_default\"><h5 class=\"sc_item_title sc_title_title sc_align_left sc_item_title_style_default sc_item_title_tag\">LA PROCEDURA ENDOSCOPICA<\/h5><\/div><!-- \/.sc_title -->[vc_empty_space height=&#8221;40px&#8221; hide_on_mobile=&#8221;&#8221;][vc_column_text]<span style=\"font-size: 14pt;\">L&#8217;<strong>endoscopia <\/strong>pu\u00f2 essere utilizzata per una valutazione diagnostica o come endoscopia interventistica: ci\u00f2 significa che possono essere effettuati dei prelievi di tessuto (biopsie), possono essere asportati corpi estranei o addirittura si pu\u00f2 intervenire per la rimozione di lesioni tumorali.\u00a0<\/span><\/p>\n<p><span style=\"font-size: 14pt;\">L&#8217;<strong>endoscopia <\/strong>\u00e8 una procedura che richiede l&#8217;anestesia generale, quindi verr\u00e0 eseguita solo dopo una completa valutazione anestesiologica.<\/span><\/p>\n<p><span style=\"font-size: 14pt;\">L\u2019<strong>endoscopia diagnostica <\/strong>\u00e8 inserita in un&#8217;iter che comprende una valutazione specialistica del distretto interessato e altre indagini preliminari quali ad esempio <span style=\"text-decoration: underline;\">radiologia,<\/span> <u>ecografia<\/u>, <u>analisi del sangue<\/u>.<\/span>[\/vc_column_text][\/vc_column][\/vc_row][vc_row][vc_column][vc_empty_space alter_height=&#8221;large&#8221; hide_on_mobile=&#8221;&#8221;][\/vc_column][\/vc_row][vc_row css_animation=&#8221;fadeInUp&#8221;][vc_column width=&#8221;1\/2&#8243;][vc_column_text]<span style=\"font-size: 14pt;\">Prima di una endoscopia, il paziente viene solitamente sedato oppure sottoposto ad anestesia generale. L\u2019esame dura in genere circa un&#8217;ora e i pazienti di solito possono tornare a casa non appena si sono svegliati dall\u2019anestesia. In caso di endoscopia connessa ad interventi chirurgici o particolari patologie in vostro veterinario vi spiegher\u00e0 tutti i dettagli della procedura.<\/span>[\/vc_column_text][\/vc_column][vc_column width=&#8221;1\/2&#8243;][vc_video link=&#8221;https:\/\/www.youtube.com\/watch?time_continue=3&amp;v=n6DRju58HHA&amp;feature=emb_logo&#8221;][\/vc_column][\/vc_row]<\/p>\n","protected":false},"excerpt":{"rendered":"<p>[vc_row css_animation=&#8221;fadeInUp&#8221;][vc_column width=&#8221;1\/2&#8243;][vc_empty_space alter_height=&#8221;medium&#8221; hide_on_mobile=&#8221;&#8221;][vc_column_text] L&#8217;endoscopia \u00e8 una tecnica diagnostica che permette la visualizzazione della superficie interna di distretti corporei comunicanti con l&#8217;ambiente esterno, quali l&#8217;apparato gastro-enterico, respiratorio, urinario e il condotto auricolare. Si esegue con strumenti flessibili o rigidi. Le applicazioni pi\u00f9 comuni sono: studio morfologico di un distretto; prelievo di campioni per valutazione istologica; asportazione di corpi estranei;&hellip;<\/p>\n","protected":false},"author":1,"featured_media":1782,"parent":0,"menu_order":0,"comment_status":"closed","ping_status":"closed","template":"","meta":{"footnotes":""},"class_list":["post-1346","page","type-page","status-publish","has-post-thumbnail","hentry"],"yoast_head":"<!-- This site is optimized with the Yoast SEO plugin v15.8 - https:\/\/yoast.com\/wordpress\/plugins\/seo\/ -->\n<title>Endoscopia - Ambulatorio Veterinario Schiavi<\/title>\n<meta name=\"robots\" content=\"index, follow, max-snippet:-1, max-image-preview:large, max-video-preview:-1\" \/>\n<link rel=\"canonical\" href=\"https:\/\/ambulatorioveterinarioschiavi.com\/index.php\/endoscopia\/\" \/>\n<meta property=\"og:locale\" content=\"it_IT\" \/>\n<meta property=\"og:type\" content=\"article\" \/>\n<meta property=\"og:title\" content=\"Endoscopia - Ambulatorio Veterinario Schiavi\" \/>\n<meta property=\"og:description\" content=\"[vc_row css_animation=&#8221;fadeInUp&#8221;][vc_column width=&#8221;1\/2&#8243;][vc_empty_space alter_height=&#8221;medium&#8221; hide_on_mobile=&#8221;&#8221;][vc_column_text] L&#8217;endoscopia \u00e8 una tecnica diagnostica che permette la visualizzazione della superficie interna di distretti corporei comunicanti con l&#8217;ambiente esterno, quali l&#8217;apparato gastro-enterico, respiratorio, urinario e il condotto auricolare. Si esegue con strumenti flessibili o rigidi. Le applicazioni pi\u00f9 comuni sono: studio morfologico di un distretto; prelievo di campioni per valutazione istologica; asportazione di corpi estranei;&hellip;\" \/>\n<meta property=\"og:url\" content=\"https:\/\/ambulatorioveterinarioschiavi.com\/index.php\/endoscopia\/\" \/>\n<meta property=\"og:site_name\" content=\"Ambulatorio Veterinario Schiavi\" \/>\n<meta property=\"article:publisher\" content=\"https:\/\/www.facebook.com\/Ambulatorio-Veterinario-Schiavi-645695685561947\/?fref=ts\" \/>\n<meta property=\"article:modified_time\" content=\"2022-02-06T10:22:45+00:00\" \/>\n<meta property=\"og:image\" content=\"https:\/\/ambulatorioveterinarioschiavi.com\/wp-content\/uploads\/2020\/03\/Endoscopia-verde.jpg\" \/>\n\t<meta property=\"og:image:width\" content=\"600\" \/>\n\t<meta property=\"og:image:height\" content=\"600\" \/>\n<meta name=\"twitter:card\" content=\"summary_large_image\" \/>\n<meta name=\"twitter:label1\" content=\"Tempo di lettura stimato\">\n\t<meta name=\"twitter:data1\" content=\"2 minuti\">\n<script type=\"application\/ld+json\" class=\"yoast-schema-graph\">{\"@context\":\"https:\/\/schema.org\",\"@graph\":[{\"@type\":\"WebSite\",\"@id\":\"https:\/\/ambulatorioveterinarioschiavi.com\/#website\",\"url\":\"https:\/\/ambulatorioveterinarioschiavi.com\/\",\"name\":\"Ambulatorio Veterinario Schiavi\",\"description\":\"\",\"potentialAction\":[{\"@type\":\"SearchAction\",\"target\":\"https:\/\/ambulatorioveterinarioschiavi.com\/?s={search_term_string}\",\"query-input\":\"required name=search_term_string\"}],\"inLanguage\":\"it-IT\"},{\"@type\":\"ImageObject\",\"@id\":\"https:\/\/ambulatorioveterinarioschiavi.com\/index.php\/endoscopia\/#primaryimage\",\"inLanguage\":\"it-IT\",\"url\":\"https:\/\/ambulatorioveterinarioschiavi.com\/wp-content\/uploads\/2020\/03\/Endoscopia-verde.jpg\",\"width\":600,\"height\":600},{\"@type\":\"WebPage\",\"@id\":\"https:\/\/ambulatorioveterinarioschiavi.com\/index.php\/endoscopia\/#webpage\",\"url\":\"https:\/\/ambulatorioveterinarioschiavi.com\/index.php\/endoscopia\/\",\"name\":\"Endoscopia - Ambulatorio Veterinario Schiavi\",\"isPartOf\":{\"@id\":\"https:\/\/ambulatorioveterinarioschiavi.com\/#website\"},\"primaryImageOfPage\":{\"@id\":\"https:\/\/ambulatorioveterinarioschiavi.com\/index.php\/endoscopia\/#primaryimage\"},\"datePublished\":\"2020-02-18T10:24:46+00:00\",\"dateModified\":\"2022-02-06T10:22:45+00:00\",\"breadcrumb\":{\"@id\":\"https:\/\/ambulatorioveterinarioschiavi.com\/index.php\/endoscopia\/#breadcrumb\"},\"inLanguage\":\"it-IT\",\"potentialAction\":[{\"@type\":\"ReadAction\",\"target\":[\"https:\/\/ambulatorioveterinarioschiavi.com\/index.php\/endoscopia\/\"]}]},{\"@type\":\"BreadcrumbList\",\"@id\":\"https:\/\/ambulatorioveterinarioschiavi.com\/index.php\/endoscopia\/#breadcrumb\",\"itemListElement\":[{\"@type\":\"ListItem\",\"position\":1,\"item\":{\"@type\":\"WebPage\",\"@id\":\"https:\/\/ambulatorioveterinarioschiavi.com\/\",\"url\":\"https:\/\/ambulatorioveterinarioschiavi.com\/\",\"name\":\"Home\"}},{\"@type\":\"ListItem\",\"position\":2,\"item\":{\"@type\":\"WebPage\",\"@id\":\"https:\/\/ambulatorioveterinarioschiavi.com\/index.php\/endoscopia\/\",\"url\":\"https:\/\/ambulatorioveterinarioschiavi.com\/index.php\/endoscopia\/\",\"name\":\"Endoscopia\"}}]}]}<\/script>\n<!-- \/ Yoast SEO plugin. -->","_links":{"self":[{"href":"https:\/\/ambulatorioveterinarioschiavi.com\/index.php\/wp-json\/wp\/v2\/pages\/1346","targetHints":{"allow":["GET"]}}],"collection":[{"href":"https:\/\/ambulatorioveterinarioschiavi.com\/index.php\/wp-json\/wp\/v2\/pages"}],"about":[{"href":"https:\/\/ambulatorioveterinarioschiavi.com\/index.php\/wp-json\/wp\/v2\/types\/page"}],"author":[{"embeddable":true,"href":"https:\/\/ambulatorioveterinarioschiavi.com\/index.php\/wp-json\/wp\/v2\/users\/1"}],"replies":[{"embeddable":true,"href":"https:\/\/ambulatorioveterinarioschiavi.com\/index.php\/wp-json\/wp\/v2\/comments?post=1346"}],"version-history":[{"count":14,"href":"https:\/\/ambulatorioveterinarioschiavi.com\/index.php\/wp-json\/wp\/v2\/pages\/1346\/revisions"}],"predecessor-version":[{"id":1920,"href":"https:\/\/ambulatorioveterinarioschiavi.com\/index.php\/wp-json\/wp\/v2\/pages\/1346\/revisions\/1920"}],"wp:featuredmedia":[{"embeddable":true,"href":"https:\/\/ambulatorioveterinarioschiavi.com\/index.php\/wp-json\/wp\/v2\/media\/1782"}],"wp:attachment":[{"href":"https:\/\/ambulatorioveterinarioschiavi.com\/index.php\/wp-json\/wp\/v2\/media?parent=1346"}],"curies":[{"name":"wp","href":"https:\/\/api.w.org\/{rel}","templated":true}]}}