{"id":1226,"date":"2020-02-15T15:23:38","date_gmt":"2020-02-15T15:23:38","guid":{"rendered":"https:\/\/wp.ambulatorioveterinarioschiavi.com\/?page_id=1226"},"modified":"2026-04-02T12:56:20","modified_gmt":"2026-04-02T12:56:20","slug":"servizi","status":"publish","type":"page","link":"https:\/\/ambulatorioveterinarioschiavi.com\/index.php\/servizi\/","title":{"rendered":"Servizi"},"content":{"rendered":"<p>[vc_row full_width=&#8221;stretch_row&#8221;][vc_column width=&#8221;1\/3&#8243;][vc_single_image image=&#8221;1255&#8243; img_size=&#8221;large&#8221; alignment=&#8221;center&#8221;][\/vc_column][vc_column width=&#8221;2\/3&#8243;][vc_custom_heading text=&#8221;ORARIO AMBULATORIO&#8221; font_container=&#8221;tag:h3|text_align:left&#8221; google_fonts=&#8221;font_family:Roboto%3A100%2C100italic%2C300%2C300italic%2Cregular%2Citalic%2C500%2C500italic%2C700%2C700italic%2C900%2C900italic|font_style:400%20regular%3A400%3Anormal&#8221;][vc_empty_space hide_on_mobile=&#8221;&#8221;][vc_column_text]<span style=\"font-size: 18pt;\">L\u2019orario della clinica \u00e8 dalle 9:00 alle 18:30 dal luned\u00ec al venerd\u00ec e il sabato dalle 9:00 alle 12:30<\/span><\/p>\n<p><span style=\"font-size: 14pt;\">Chiamaci al\u00a0<a href=\"tel:0432530486\">0432 530486\u00a0<\/a>\/\u00a0<a href=\"tel:0432232956\">0432 232956<\/a><\/span><\/p>\n<p><span style=\"font-size: 14pt;\">Ci trovi in: via Gaeta, 84 Udine (UD)<\/span><\/p>\n<p><span style=\"font-size: 14pt;\">Riceviamo su appuntamento. In caso di emergenza, le visite urgenti hanno diritto di precedenza.<\/span><br \/>\n<span style=\"font-size: 14pt;\">E\u2019 garantito un servizio di assistenza notturno e festivo in collaborazione con gli altri ambulatori della citt\u00e0 di Udine.<\/span>[\/vc_column_text][\/vc_column][\/vc_row][vc_row][vc_column][vc_empty_space alter_height=&#8221;large&#8221; hide_on_mobile=&#8221;&#8221;][\/vc_column][\/vc_row][vc_row][vc_column][vc_masonry_grid post_type=&#8221;ids&#8221; style=&#8221;load-more&#8221; items_per_page=&#8221;16&#8243; show_filter=&#8221;yes&#8221; element_width=&#8221;3&#8243; gap=&#8221;5&#8243; item=&#8221;1746&#8243; grid_id=&#8221;vc_gid:1775134511588-f0e56631-934b-8&#8243; include=&#8221;1299, 1316, 1320, 1330, 1337, 1346, 1372, 1397, 1409, 1419, 1429, 1728, 1892&#8243; filter_source=&#8221;category&#8221;][\/vc_column][\/vc_row][vc_row][vc_column][vc_empty_space alter_height=&#8221;large&#8221; hide_on_mobile=&#8221;&#8221;][\/vc_column][\/vc_row][vc_row][vc_column width=&#8221;1\/3&#8243;][vc_single_image image=&#8221;1366&#8243; img_size=&#8221;large&#8221;][\/vc_column][vc_column width=&#8221;2\/3&#8243;]<div id=\"sc_title_166696267\"\n\t\tclass=\"sc_title sc_title_default\"><h3 class=\"sc_item_title sc_title_title sc_align_left sc_item_title_style_default sc_item_title_tag\">LA CLINICA<\/h3><\/div><!-- \/.sc_title -->[vc_empty_space hide_on_mobile=&#8221;&#8221;][vc_column_text]<span style=\"font-size: 14pt;\">Disponiamo di numerose sale visita, due sale chirurgiche completamente attrezzate, una sala per chirurgia odontostomatologica con apparecchio anestesiologico completo e radiologia digitale, una sala di diagnostica per immagini tramite radiologico digitale, servizio di ecografia interno.<\/span><br \/>\n<span style=\"font-size: 14pt;\">E\u2019 presente un Laboratorio di Analisi molto attrezzato che permette di ottenere il risultato degli esami in tempo reale.<\/span><br \/>\n<span style=\"font-size: 14pt;\">E\u2019 attivo un servizio di day-hospital per la gestione della terapia intensiva dei pazienti in cura.<\/span>[\/vc_column_text][vc_empty_space alter_height=&#8221;medium&#8221; hide_on_mobile=&#8221;&#8221;]<a href=\"https:\/\/ambulatorioveterinarioschiavi.com\/index.php\/clinica\/\" id=\"sc_button_50253020\" class=\"sc_button sc_button_default sc_button_size_large sc_button_icon_left\"><span class=\"sc_button_text\"><span class=\"sc_button_title\">LA CLINICA<\/span><\/span><!-- \/.sc_button_text --><\/a><!-- \/.sc_button -->[\/vc_column][\/vc_row][vc_row][vc_column][vc_empty_space alter_height=&#8221;large&#8221; hide_on_mobile=&#8221;&#8221;][\/vc_column][\/vc_row][vc_row full_width=&#8221;stretch_row&#8221; css=&#8221;.vc_custom_1582036231506{background-color: #f5f5f5 !important;}&#8221;][vc_column][vc_empty_space alter_height=&#8221;medium&#8221; hide_on_mobile=&#8221;&#8221;][\/vc_column][vc_column width=&#8221;2\/3&#8243;][vc_column_text]<\/p>\n<p class=\"p1\"><span class=\"s1\" style=\"font-size: 18pt;\">Chiamaci al\u00a0<a href=\"tel:0432530486\"><span class=\"s2\">0432 530486\u00a0<\/span><\/a>\/\u00a0<a href=\"tel:0432232956\"><span class=\"s2\">0432 232956<\/span><\/a><\/span><\/p>\n<p class=\"p1\"><span style=\"font-size: 14pt;\"><b>L\u2019orario della clinica \u00e8 dalle 9:00 alle 18:30 dal lunedi al venerdi e il sabato dalle 9:00 alle 12.30<br \/>\nCi trovi in: via Gaeta, 84 Udine (UD)<br \/>\n<\/b>Le visite si effettuano per appuntamento. In caso di emergenza, le visite urgenti hanno diritto di precedenza.<\/span><br \/>\n<span style=\"font-size: 14pt;\">E\u2019 garantito un servizio di assistenza notturno e festivo in collaborazione con altri colleghi della citt\u00e0.<\/span><\/p>\n<p class=\"p1\"><span style=\"font-size: 14pt;\"><b>\u00a0<\/b><\/span><\/p>\n<p>[\/vc_column_text][\/vc_column][vc_column width=&#8221;1\/3&#8243;][vc_empty_space alter_height=&#8221;large&#8221; hide_on_mobile=&#8221;&#8221;]<a href=\"https:\/\/ambulatorioveterinarioschiavi.com\/index.php\/contacts\/\" id=\"sc_button_627834532\" class=\"sc_button sc_button_default sc_button_size_large sc_button_icon_left\"><span class=\"sc_button_text\"><span class=\"sc_button_title\">CONTATTI<\/span><\/span><!-- \/.sc_button_text --><\/a><!-- \/.sc_button -->[\/vc_column][vc_column][vc_empty_space hide_on_mobile=&#8221;&#8221;][\/vc_column][\/vc_row][vc_row full_width=&#8221;stretch_row_content_no_spaces&#8221; equal_height=&#8221;yes&#8221;][vc_column][vc_single_image image=&#8221;1370&#8243; img_size=&#8221;full&#8221; add_caption=&#8221;yes&#8221;][\/vc_column][\/vc_row]<\/p>\n","protected":false},"excerpt":{"rendered":"<p>[vc_row full_width=&#8221;stretch_row&#8221;][vc_column width=&#8221;1\/3&#8243;][vc_single_image image=&#8221;1255&#8243; img_size=&#8221;large&#8221; alignment=&#8221;center&#8221;][\/vc_column][vc_column width=&#8221;2\/3&#8243;][vc_custom_heading text=&#8221;ORARIO AMBULATORIO&#8221; font_container=&#8221;tag:h3|text_align:left&#8221; google_fonts=&#8221;font_family:Roboto%3A100%2C100italic%2C300%2C300italic%2Cregular%2Citalic%2C500%2C500italic%2C700%2C700italic%2C900%2C900italic|font_style:400%20regular%3A400%3Anormal&#8221;][vc_empty_space hide_on_mobile=&#8221;&#8221;][vc_column_text]L\u2019orario della clinica \u00e8 dalle 9:00 alle 18:30 dal luned\u00ec al venerd\u00ec e il sabato dalle 9:00 alle 12:30 Chiamaci al\u00a00432 530486\u00a0\/\u00a00432 232956 Ci trovi in: via Gaeta, 84 Udine (UD) Riceviamo su appuntamento. In caso di emergenza, le visite urgenti hanno diritto di precedenza. E\u2019 garantito un servizio&hellip;<\/p>\n","protected":false},"author":1,"featured_media":0,"parent":0,"menu_order":0,"comment_status":"closed","ping_status":"closed","template":"","meta":{"footnotes":""},"class_list":["post-1226","page","type-page","status-publish","hentry"],"yoast_head":"<!-- This site is optimized with the Yoast SEO plugin v15.8 - https:\/\/yoast.com\/wordpress\/plugins\/seo\/ -->\n<title>Servizi - Ambulatorio Veterinario Schiavi<\/title>\n<meta name=\"robots\" content=\"index, follow, max-snippet:-1, max-image-preview:large, max-video-preview:-1\" \/>\n<link rel=\"canonical\" href=\"https:\/\/ambulatorioveterinarioschiavi.com\/index.php\/servizi\/\" \/>\n<meta property=\"og:locale\" content=\"it_IT\" \/>\n<meta property=\"og:type\" content=\"article\" \/>\n<meta property=\"og:title\" content=\"Servizi - Ambulatorio Veterinario Schiavi\" \/>\n<meta property=\"og:description\" content=\"[vc_row full_width=&#8221;stretch_row&#8221;][vc_column width=&#8221;1\/3&#8243;][vc_single_image image=&#8221;1255&#8243; img_size=&#8221;large&#8221; alignment=&#8221;center&#8221;][\/vc_column][vc_column width=&#8221;2\/3&#8243;][vc_custom_heading text=&#8221;ORARIO AMBULATORIO&#8221; font_container=&#8221;tag:h3|text_align:left&#8221; google_fonts=&#8221;font_family:Roboto%3A100%2C100italic%2C300%2C300italic%2Cregular%2Citalic%2C500%2C500italic%2C700%2C700italic%2C900%2C900italic|font_style:400%20regular%3A400%3Anormal&#8221;][vc_empty_space hide_on_mobile=&#8221;&#8221;][vc_column_text]L\u2019orario della clinica \u00e8 dalle 9:00 alle 18:30 dal luned\u00ec al venerd\u00ec e il sabato dalle 9:00 alle 12:30 Chiamaci al\u00a00432 530486\u00a0\/\u00a00432 232956 Ci trovi in: via Gaeta, 84 Udine (UD) Riceviamo su appuntamento. In caso di emergenza, le visite urgenti hanno diritto di precedenza. E\u2019 garantito un servizio&hellip;\" \/>\n<meta property=\"og:url\" content=\"https:\/\/ambulatorioveterinarioschiavi.com\/index.php\/servizi\/\" \/>\n<meta property=\"og:site_name\" content=\"Ambulatorio Veterinario Schiavi\" \/>\n<meta property=\"article:publisher\" content=\"https:\/\/www.facebook.com\/Ambulatorio-Veterinario-Schiavi-645695685561947\/?fref=ts\" \/>\n<meta property=\"article:modified_time\" content=\"2026-04-02T12:56:20+00:00\" \/>\n<meta name=\"twitter:card\" content=\"summary_large_image\" \/>\n<meta name=\"twitter:label1\" content=\"Tempo di lettura stimato\">\n\t<meta name=\"twitter:data1\" content=\"2 minuti\">\n<script type=\"application\/ld+json\" class=\"yoast-schema-graph\">{\"@context\":\"https:\/\/schema.org\",\"@graph\":[{\"@type\":\"WebSite\",\"@id\":\"https:\/\/ambulatorioveterinarioschiavi.com\/#website\",\"url\":\"https:\/\/ambulatorioveterinarioschiavi.com\/\",\"name\":\"Ambulatorio Veterinario Schiavi\",\"description\":\"\",\"potentialAction\":[{\"@type\":\"SearchAction\",\"target\":\"https:\/\/ambulatorioveterinarioschiavi.com\/?s={search_term_string}\",\"query-input\":\"required name=search_term_string\"}],\"inLanguage\":\"it-IT\"},{\"@type\":\"WebPage\",\"@id\":\"https:\/\/ambulatorioveterinarioschiavi.com\/index.php\/servizi\/#webpage\",\"url\":\"https:\/\/ambulatorioveterinarioschiavi.com\/index.php\/servizi\/\",\"name\":\"Servizi - Ambulatorio Veterinario Schiavi\",\"isPartOf\":{\"@id\":\"https:\/\/ambulatorioveterinarioschiavi.com\/#website\"},\"datePublished\":\"2020-02-15T15:23:38+00:00\",\"dateModified\":\"2026-04-02T12:56:20+00:00\",\"breadcrumb\":{\"@id\":\"https:\/\/ambulatorioveterinarioschiavi.com\/index.php\/servizi\/#breadcrumb\"},\"inLanguage\":\"it-IT\",\"potentialAction\":[{\"@type\":\"ReadAction\",\"target\":[\"https:\/\/ambulatorioveterinarioschiavi.com\/index.php\/servizi\/\"]}]},{\"@type\":\"BreadcrumbList\",\"@id\":\"https:\/\/ambulatorioveterinarioschiavi.com\/index.php\/servizi\/#breadcrumb\",\"itemListElement\":[{\"@type\":\"ListItem\",\"position\":1,\"item\":{\"@type\":\"WebPage\",\"@id\":\"https:\/\/ambulatorioveterinarioschiavi.com\/\",\"url\":\"https:\/\/ambulatorioveterinarioschiavi.com\/\",\"name\":\"Home\"}},{\"@type\":\"ListItem\",\"position\":2,\"item\":{\"@type\":\"WebPage\",\"@id\":\"https:\/\/ambulatorioveterinarioschiavi.com\/index.php\/servizi\/\",\"url\":\"https:\/\/ambulatorioveterinarioschiavi.com\/index.php\/servizi\/\",\"name\":\"Servizi\"}}]}]}<\/script>\n<!-- \/ Yoast SEO plugin. -->","_links":{"self":[{"href":"https:\/\/ambulatorioveterinarioschiavi.com\/index.php\/wp-json\/wp\/v2\/pages\/1226","targetHints":{"allow":["GET"]}}],"collection":[{"href":"https:\/\/ambulatorioveterinarioschiavi.com\/index.php\/wp-json\/wp\/v2\/pages"}],"about":[{"href":"https:\/\/ambulatorioveterinarioschiavi.com\/index.php\/wp-json\/wp\/v2\/types\/page"}],"author":[{"embeddable":true,"href":"https:\/\/ambulatorioveterinarioschiavi.com\/index.php\/wp-json\/wp\/v2\/users\/1"}],"replies":[{"embeddable":true,"href":"https:\/\/ambulatorioveterinarioschiavi.com\/index.php\/wp-json\/wp\/v2\/comments?post=1226"}],"version-history":[{"count":81,"href":"https:\/\/ambulatorioveterinarioschiavi.com\/index.php\/wp-json\/wp\/v2\/pages\/1226\/revisions"}],"predecessor-version":[{"id":2018,"href":"https:\/\/ambulatorioveterinarioschiavi.com\/index.php\/wp-json\/wp\/v2\/pages\/1226\/revisions\/2018"}],"wp:attachment":[{"href":"https:\/\/ambulatorioveterinarioschiavi.com\/index.php\/wp-json\/wp\/v2\/media?parent=1226"}],"curies":[{"name":"wp","href":"https:\/\/api.w.org\/{rel}","templated":true}]}}